{"id":875,"date":"2024-04-18T23:23:38","date_gmt":"2024-04-18T21:23:38","guid":{"rendered":"https:\/\/cabinet-brice-nzamba.com\/?page_id=875"},"modified":"2024-04-18T23:52:49","modified_gmt":"2024-04-18T21:52:49","slug":"arbitrage","status":"publish","type":"page","link":"https:\/\/cabinet-brice-nzamba.com\/index.php\/arbitrage\/","title":{"rendered":"Arbitrage"},"content":{"rendered":"\t\t<div data-elementor-type=\"wp-page\" data-elementor-id=\"875\" class=\"elementor elementor-875\">\n\t\t\t\t\t\t\t\t\t<section class=\"elementor-section elementor-top-section elementor-element elementor-element-2e60e94f elementor-section-full_width elementor-section-content-middle elementor-section-stretched elementor-section-height-default elementor-section-height-default\" data-id=\"2e60e94f\" data-element_type=\"section\" data-settings=\"{&quot;stretch_section&quot;:&quot;section-stretched&quot;}\">\n\t\t\t\t\t\t<div class=\"elementor-container elementor-column-gap-no\">\n\t\t\t\t\t<div class=\"elementor-column elementor-col-33 elementor-top-column elementor-element elementor-element-63eb5838\" data-id=\"63eb5838\" data-element_type=\"column\">\n\t\t\t<div class=\"elementor-widget-wrap elementor-element-populated\">\n\t\t\t\t\t\t\t\t<div class=\"elementor-element elementor-element-459dc924 elementor-widget elementor-widget-text-editor\" data-id=\"459dc924\" data-element_type=\"widget\" data-widget_type=\"text-editor.default\">\n\t\t\t\t<div class=\"elementor-widget-container\">\n\t\t\t<style>\/*! elementor - v3.18.0 - 20-12-2023 *\/\n.elementor-widget-text-editor.elementor-drop-cap-view-stacked .elementor-drop-cap{background-color:#69727d;color:#fff}.elementor-widget-text-editor.elementor-drop-cap-view-framed .elementor-drop-cap{color:#69727d;border:3px solid;background-color:transparent}.elementor-widget-text-editor:not(.elementor-drop-cap-view-default) .elementor-drop-cap{margin-top:8px}.elementor-widget-text-editor:not(.elementor-drop-cap-view-default) .elementor-drop-cap-letter{width:1em;height:1em}.elementor-widget-text-editor .elementor-drop-cap{float:left;text-align:center;line-height:1;font-size:50px}.elementor-widget-text-editor .elementor-drop-cap-letter{display:inline-block}<\/style>\t\t\t\t<p>Ma\u00eetre brice nzamba<\/p>\t\t\t\t\t\t<\/div>\n\t\t\t\t<\/div>\n\t\t\t\t\t<\/div>\n\t\t<\/div>\n\t\t\t\t<div class=\"elementor-column elementor-col-33 elementor-top-column elementor-element elementor-element-58ed9bfb\" data-id=\"58ed9bfb\" data-element_type=\"column\">\n\t\t\t<div class=\"elementor-widget-wrap elementor-element-populated\">\n\t\t\t\t\t\t\t\t<div class=\"elementor-element elementor-element-4effff94 elementor-widget elementor-widget-heading\" data-id=\"4effff94\" data-element_type=\"widget\" data-widget_type=\"heading.default\">\n\t\t\t\t<div class=\"elementor-widget-container\">\n\t\t\t<style>\/*! elementor - v3.18.0 - 20-12-2023 *\/\n.elementor-heading-title{padding:0;margin:0;line-height:1}.elementor-widget-heading .elementor-heading-title[class*=elementor-size-]>a{color:inherit;font-size:inherit;line-height:inherit}.elementor-widget-heading .elementor-heading-title.elementor-size-small{font-size:15px}.elementor-widget-heading .elementor-heading-title.elementor-size-medium{font-size:19px}.elementor-widget-heading .elementor-heading-title.elementor-size-large{font-size:29px}.elementor-widget-heading .elementor-heading-title.elementor-size-xl{font-size:39px}.elementor-widget-heading .elementor-heading-title.elementor-size-xxl{font-size:59px}<\/style><h3 class=\"elementor-heading-title elementor-size-default\">Arbitrage<\/h3>\t\t<\/div>\n\t\t\t\t<\/div>\n\t\t\t\t<div class=\"elementor-element elementor-element-57dc5bb1 elementor-widget-divider--view-line elementor-widget elementor-widget-divider\" data-id=\"57dc5bb1\" data-element_type=\"widget\" data-widget_type=\"divider.default\">\n\t\t\t\t<div class=\"elementor-widget-container\">\n\t\t\t<style>\/*! elementor - v3.18.0 - 20-12-2023 *\/\n.elementor-widget-divider{--divider-border-style:none;--divider-border-width:1px;--divider-color:#0c0d0e;--divider-icon-size:20px;--divider-element-spacing:10px;--divider-pattern-height:24px;--divider-pattern-size:20px;--divider-pattern-url:none;--divider-pattern-repeat:repeat-x}.elementor-widget-divider .elementor-divider{display:flex}.elementor-widget-divider .elementor-divider__text{font-size:15px;line-height:1;max-width:95%}.elementor-widget-divider .elementor-divider__element{margin:0 var(--divider-element-spacing);flex-shrink:0}.elementor-widget-divider .elementor-icon{font-size:var(--divider-icon-size)}.elementor-widget-divider .elementor-divider-separator{display:flex;margin:0;direction:ltr}.elementor-widget-divider--view-line_icon .elementor-divider-separator,.elementor-widget-divider--view-line_text .elementor-divider-separator{align-items:center}.elementor-widget-divider--view-line_icon .elementor-divider-separator:after,.elementor-widget-divider--view-line_icon .elementor-divider-separator:before,.elementor-widget-divider--view-line_text .elementor-divider-separator:after,.elementor-widget-divider--view-line_text .elementor-divider-separator:before{display:block;content:\"\";border-bottom:0;flex-grow:1;border-top:var(--divider-border-width) var(--divider-border-style) var(--divider-color)}.elementor-widget-divider--element-align-left .elementor-divider .elementor-divider-separator>.elementor-divider__svg:first-of-type{flex-grow:0;flex-shrink:100}.elementor-widget-divider--element-align-left .elementor-divider-separator:before{content:none}.elementor-widget-divider--element-align-left .elementor-divider__element{margin-left:0}.elementor-widget-divider--element-align-right .elementor-divider .elementor-divider-separator>.elementor-divider__svg:last-of-type{flex-grow:0;flex-shrink:100}.elementor-widget-divider--element-align-right .elementor-divider-separator:after{content:none}.elementor-widget-divider--element-align-right .elementor-divider__element{margin-right:0}.elementor-widget-divider:not(.elementor-widget-divider--view-line_text):not(.elementor-widget-divider--view-line_icon) .elementor-divider-separator{border-top:var(--divider-border-width) var(--divider-border-style) var(--divider-color)}.elementor-widget-divider--separator-type-pattern{--divider-border-style:none}.elementor-widget-divider--separator-type-pattern.elementor-widget-divider--view-line .elementor-divider-separator,.elementor-widget-divider--separator-type-pattern:not(.elementor-widget-divider--view-line) .elementor-divider-separator:after,.elementor-widget-divider--separator-type-pattern:not(.elementor-widget-divider--view-line) .elementor-divider-separator:before,.elementor-widget-divider--separator-type-pattern:not([class*=elementor-widget-divider--view]) .elementor-divider-separator{width:100%;min-height:var(--divider-pattern-height);-webkit-mask-size:var(--divider-pattern-size) 100%;mask-size:var(--divider-pattern-size) 100%;-webkit-mask-repeat:var(--divider-pattern-repeat);mask-repeat:var(--divider-pattern-repeat);background-color:var(--divider-color);-webkit-mask-image:var(--divider-pattern-url);mask-image:var(--divider-pattern-url)}.elementor-widget-divider--no-spacing{--divider-pattern-size:auto}.elementor-widget-divider--bg-round{--divider-pattern-repeat:round}.rtl .elementor-widget-divider .elementor-divider__text{direction:rtl}.e-con-inner>.elementor-widget-divider,.e-con>.elementor-widget-divider{width:var(--container-widget-width,100%);--flex-grow:var(--container-widget-flex-grow)}<\/style>\t\t<div class=\"elementor-divider\">\n\t\t\t<span class=\"elementor-divider-separator\">\n\t\t\t\t\t\t<\/span>\n\t\t<\/div>\n\t\t\t\t<\/div>\n\t\t\t\t<\/div>\n\t\t\t\t<div class=\"elementor-element elementor-element-75090ea0 elementor-widget elementor-widget-text-editor\" data-id=\"75090ea0\" data-element_type=\"widget\" data-widget_type=\"text-editor.default\">\n\t\t\t\t<div class=\"elementor-widget-container\">\n\t\t\t\t\t\t\t<p>L&rsquo;arbitrage est un m\u00e9canisme juridique par lequel deux parties conviennent dans le cadre d&rsquo;une\u00a0<span style=\"letter-spacing: 0px; word-spacing: 0em;\">convention d&rsquo;arbitrage de soumettre la r\u00e9solution de leur litige commercial \u00e0 un Tribunal constitu\u00e9\u00a0<\/span><span style=\"letter-spacing: 0px; word-spacing: 0em;\">par des arbitres dont ils assureront le choix. Il s&rsquo;agit ici d&rsquo;une justice dont le m\u00e9canisme est maitris\u00e9\u00a0<\/span><span style=\"letter-spacing: 0px; word-spacing: 0em;\">par les parties au litige et qui \u00e9chappe \u00e0 la justice \u00e9tatique.<\/span><\/p><p>Les parties peuvent d\u00e9cider de r\u00e9gler tout litige futur par le recours \u00e0 l&rsquo;arbitrage d\u00e8s la signature de\u00a0<span style=\"letter-spacing: 0px; word-spacing: 0em;\">leur contrat commercial dans le cadre d&rsquo;une clause compromissoire soit en pleine ex\u00e9cution de leur\u00a0<\/span><span style=\"letter-spacing: 0px; word-spacing: 0em;\">contrat commercial en recourant \u00e0 un compromis arbitral.<\/span><\/p><p>La clause compromissoire doit indiqu\u00e9e l&rsquo;arbitrage comme mode de r\u00e9solution de litige \u00e0 naitre,\u00a0<span style=\"letter-spacing: 0px; word-spacing: 0em;\">ainsi que les informations concernant la juridiction arbitrale choisie, la langue \u00e0 utiliser, et les r\u00e8gles\u00a0<\/span><span style=\"letter-spacing: 0px; word-spacing: 0em;\">de droit applicable au litige. Il est possible d&rsquo;ajouter aussi le nombre d&rsquo;arbitres. La clause\u00a0<\/span><span style=\"letter-spacing: 0px; word-spacing: 0em;\">compromissoire est ind\u00e9pendante du reste du contrat, et son sort juridique n&rsquo;est pas li\u00e9 \u00e0 celui du\u00a0<\/span><span style=\"letter-spacing: 0px; word-spacing: 0em;\">contrat commercial auquel il fait corps.<\/span><\/p>\t\t\t\t\t\t<\/div>\n\t\t\t\t<\/div>\n\t\t\t\t\t<\/div>\n\t\t<\/div>\n\t\t\t\t<div class=\"elementor-column elementor-col-33 elementor-top-column elementor-element elementor-element-d9b056e\" data-id=\"d9b056e\" data-element_type=\"column\">\n\t\t\t<div class=\"elementor-widget-wrap elementor-element-populated\">\n\t\t\t\t\t\t\t\t<div class=\"elementor-element elementor-element-110dd0fe elementor-widget elementor-widget-image\" data-id=\"110dd0fe\" data-element_type=\"widget\" data-widget_type=\"image.default\">\n\t\t\t\t<div class=\"elementor-widget-container\">\n\t\t\t<style>\/*! elementor - v3.18.0 - 20-12-2023 *\/\n.elementor-widget-image{text-align:center}.elementor-widget-image a{display:inline-block}.elementor-widget-image a img[src$=\".svg\"]{width:48px}.elementor-widget-image img{vertical-align:middle;display:inline-block}<\/style>\t\t\t\t\t\t\t\t\t\t\t\t<img fetchpriority=\"high\" decoding=\"async\" width=\"640\" height=\"640\" src=\"https:\/\/cabinet-brice-nzamba.com\/wp-content\/uploads\/2024\/04\/arbitrage-2-compressed-1-1024x1024.jpg\" class=\"attachment-large size-large wp-image-889\" alt=\"droit arbitrage\" srcset=\"https:\/\/cabinet-brice-nzamba.com\/wp-content\/uploads\/2024\/04\/arbitrage-2-compressed-1-1024x1024.jpg 1024w, https:\/\/cabinet-brice-nzamba.com\/wp-content\/uploads\/2024\/04\/arbitrage-2-compressed-1-300x300.jpg 300w, https:\/\/cabinet-brice-nzamba.com\/wp-content\/uploads\/2024\/04\/arbitrage-2-compressed-1-150x150.jpg 150w\" sizes=\"(max-width: 640px) 100vw, 640px\" \/>\t\t\t\t\t\t\t\t\t\t\t\t\t\t\t<\/div>\n\t\t\t\t<\/div>\n\t\t\t\t\t<\/div>\n\t\t<\/div>\n\t\t\t\t\t\t\t<\/div>\n\t\t<\/section>\n\t\t\t\t<section class=\"elementor-section elementor-top-section elementor-element elementor-element-767e5c3a elementor-section-content-middle elementor-section-full_width elementor-reverse-mobile elementor-reverse-tablet elementor-section-stretched elementor-section-height-default elementor-section-height-default\" data-id=\"767e5c3a\" data-element_type=\"section\" data-settings=\"{&quot;stretch_section&quot;:&quot;section-stretched&quot;}\">\n\t\t\t\t\t\t<div class=\"elementor-container elementor-column-gap-no\">\n\t\t\t\t\t<div class=\"elementor-column elementor-col-50 elementor-top-column elementor-element elementor-element-5e58c877\" data-id=\"5e58c877\" data-element_type=\"column\">\n\t\t\t<div class=\"elementor-widget-wrap elementor-element-populated\">\n\t\t\t\t\t\t\t\t<div class=\"elementor-element elementor-element-2c2654bd elementor-widget elementor-widget-image\" data-id=\"2c2654bd\" data-element_type=\"widget\" data-widget_type=\"image.default\">\n\t\t\t\t<div class=\"elementor-widget-container\">\n\t\t\t\t\t\t\t\t\t\t\t\t\t\t\t<img decoding=\"async\" width=\"640\" height=\"640\" src=\"https:\/\/cabinet-brice-nzamba.com\/wp-content\/uploads\/2024\/04\/arbitrage-1-compressed-1024x1024.jpg\" class=\"attachment-large size-large wp-image-886\" alt=\"arbitrage\" srcset=\"https:\/\/cabinet-brice-nzamba.com\/wp-content\/uploads\/2024\/04\/arbitrage-1-compressed-1024x1024.jpg 1024w, https:\/\/cabinet-brice-nzamba.com\/wp-content\/uploads\/2024\/04\/arbitrage-1-compressed-300x300.jpg 300w, https:\/\/cabinet-brice-nzamba.com\/wp-content\/uploads\/2024\/04\/arbitrage-1-compressed-150x150.jpg 150w\" sizes=\"(max-width: 640px) 100vw, 640px\" \/>\t\t\t\t\t\t\t\t\t\t\t\t\t\t\t<\/div>\n\t\t\t\t<\/div>\n\t\t\t\t\t<\/div>\n\t\t<\/div>\n\t\t\t\t<div class=\"elementor-column elementor-col-50 elementor-top-column elementor-element elementor-element-24b6099a\" data-id=\"24b6099a\" data-element_type=\"column\">\n\t\t\t<div class=\"elementor-widget-wrap elementor-element-populated\">\n\t\t\t\t\t\t\t\t<div class=\"elementor-element elementor-element-731c6b1f elementor-widget elementor-widget-text-editor\" data-id=\"731c6b1f\" data-element_type=\"widget\" data-widget_type=\"text-editor.default\">\n\t\t\t\t<div class=\"elementor-widget-container\">\n\t\t\t\t\t\t\t<p>En revanche, le compromis arbitral est sign\u00e9 par les parties d\u00e9j\u00e0 en relation contractuelle lorsqu&rsquo;un&nbsp;<span style=\"letter-spacing: 0px; word-spacing: 0em;\">litige nait entre elles. C&rsquo;est donc lorsque le litige est actuel que le compromis est sign\u00e9, il doit&nbsp;<\/span><span style=\"letter-spacing: 0px; word-spacing: 0em;\">d\u00e9terminer la nature et l&rsquo;\u00e9tendue du litige en d\u00e9signant les arbitres ou les modalit\u00e9s de leur&nbsp;<\/span><span style=\"letter-spacing: 0px; word-spacing: 0em;\">d\u00e9signation.<\/span><\/p>\n<p>Ainsi, recourir \u00e0 l&rsquo;arbitrage exige de faire appel \u00e0 des professionnels disposant de l&rsquo;expertise en&nbsp;<span style=\"letter-spacing: 0px; word-spacing: 0em;\">amont, c&rsquo;est \u00e0 dire en mesure de vous aider \u00e0 r\u00e9diger soit une clause compromissoire ou un&nbsp;<\/span><span style=\"letter-spacing: 0px; word-spacing: 0em;\">compromis valide, c&rsquo;est \u00e0 dire r\u00e9pondant aux crit\u00e8res de validit\u00e9 pos\u00e9s par la loi et la jurisprudence&nbsp;<\/span><span style=\"letter-spacing: 0px; word-spacing: 0em;\">qui est dense en la mati\u00e8re. Mais aussi, de vous assister dans le cadre d&rsquo;une proc\u00e9dure arbitrale&nbsp;<\/span><span style=\"letter-spacing: 0px; word-spacing: 0em;\">devant une instance arbitrale afin de d\u00e9fendre vos droits car la proc\u00e9dure en la mati\u00e8re est&nbsp;<\/span><span style=\"letter-spacing: 0px; word-spacing: 0em;\">sp\u00e9cifique.<\/span><\/p>\n<p>Titulaire d&rsquo;un certificat universitaire de pratique de l&rsquo;arbitrage d\u00e9livr\u00e9 par l&rsquo;universit\u00e9 de saint&nbsp;<span style=\"letter-spacing: 0px; word-spacing: 0em;\">Quentin en Yvelines, notre cabinet vous assiste aussi bien pour la r\u00e9daction d&rsquo;une clause ou d&rsquo;un&nbsp;<\/span><span style=\"letter-spacing: 0px; word-spacing: 0em;\">compromis d&rsquo;arbitrage que dans le cadre d&rsquo;une proc\u00e9dure arbitrale.<\/span><\/p>\t\t\t\t\t\t<\/div>\n\t\t\t\t<\/div>\n\t\t\t\t\t<\/div>\n\t\t<\/div>\n\t\t\t\t\t\t\t<\/div>\n\t\t<\/section>\n\t\t\t\t<section class=\"elementor-section elementor-top-section elementor-element elementor-element-85ba9c elementor-section-content-middle elementor-reverse-tablet elementor-reverse-mobile elementor-section-stretched elementor-section-boxed elementor-section-height-default elementor-section-height-default\" data-id=\"85ba9c\" data-element_type=\"section\" data-settings=\"{&quot;stretch_section&quot;:&quot;section-stretched&quot;,&quot;background_background&quot;:&quot;classic&quot;}\">\n\t\t\t\t\t\t<div class=\"elementor-container elementor-column-gap-no\">\n\t\t\t\t\t<div class=\"elementor-column elementor-col-100 elementor-top-column elementor-element elementor-element-e553d1e\" data-id=\"e553d1e\" data-element_type=\"column\">\n\t\t\t<div class=\"elementor-widget-wrap elementor-element-populated\">\n\t\t\t\t\t\t\t\t<div class=\"elementor-element elementor-element-786dba34 elementor-widget elementor-widget-spacer\" data-id=\"786dba34\" data-element_type=\"widget\" data-widget_type=\"spacer.default\">\n\t\t\t\t<div class=\"elementor-widget-container\">\n\t\t\t<style>\/*! elementor - v3.18.0 - 20-12-2023 *\/\n.elementor-column .elementor-spacer-inner{height:var(--spacer-size)}.e-con{--container-widget-width:100%}.e-con-inner>.elementor-widget-spacer,.e-con>.elementor-widget-spacer{width:var(--container-widget-width,var(--spacer-size));--align-self:var(--container-widget-align-self,initial);--flex-shrink:0}.e-con-inner>.elementor-widget-spacer>.elementor-widget-container,.e-con>.elementor-widget-spacer>.elementor-widget-container{height:100%;width:100%}.e-con-inner>.elementor-widget-spacer>.elementor-widget-container>.elementor-spacer,.e-con>.elementor-widget-spacer>.elementor-widget-container>.elementor-spacer{height:100%}.e-con-inner>.elementor-widget-spacer>.elementor-widget-container>.elementor-spacer>.elementor-spacer-inner,.e-con>.elementor-widget-spacer>.elementor-widget-container>.elementor-spacer>.elementor-spacer-inner{height:var(--container-widget-height,var(--spacer-size))}.e-con-inner>.elementor-widget-spacer.elementor-widget-empty,.e-con>.elementor-widget-spacer.elementor-widget-empty{position:relative;min-height:22px;min-width:22px}.e-con-inner>.elementor-widget-spacer.elementor-widget-empty .elementor-widget-empty-icon,.e-con>.elementor-widget-spacer.elementor-widget-empty .elementor-widget-empty-icon{position:absolute;top:0;bottom:0;left:0;right:0;margin:auto;padding:0;width:22px;height:22px}<\/style>\t\t<div class=\"elementor-spacer\">\n\t\t\t<div class=\"elementor-spacer-inner\"><\/div>\n\t\t<\/div>\n\t\t\t\t<\/div>\n\t\t\t\t<\/div>\n\t\t\t\t<div class=\"elementor-element elementor-element-7afd839c elementor-widget elementor-widget-heading\" data-id=\"7afd839c\" data-element_type=\"widget\" data-widget_type=\"heading.default\">\n\t\t\t\t<div class=\"elementor-widget-container\">\n\t\t\t<h3 class=\"elementor-heading-title elementor-size-default\">Parlez-nous de votre projet<\/h3>\t\t<\/div>\n\t\t\t\t<\/div>\n\t\t\t\t<div class=\"elementor-element elementor-element-e6f1db1 elementor-widget-divider--view-line elementor-widget elementor-widget-divider\" data-id=\"e6f1db1\" data-element_type=\"widget\" data-widget_type=\"divider.default\">\n\t\t\t\t<div class=\"elementor-widget-container\">\n\t\t\t\t\t<div class=\"elementor-divider\">\n\t\t\t<span class=\"elementor-divider-separator\">\n\t\t\t\t\t\t<\/span>\n\t\t<\/div>\n\t\t\t\t<\/div>\n\t\t\t\t<\/div>\n\t\t\t\t<div class=\"elementor-element elementor-element-434a3140 elementor-align-center elementor-widget elementor-widget-button\" data-id=\"434a3140\" data-element_type=\"widget\" data-widget_type=\"button.default\">\n\t\t\t\t<div class=\"elementor-widget-container\">\n\t\t\t\t\t<div class=\"elementor-button-wrapper\">\n\t\t\t<a class=\"elementor-button elementor-button-link elementor-size-sm elementor-animation-grow\" href=\"https:\/\/cabinet-brice-nzamba.com\/index.php\/contact\/\">\n\t\t\t\t\t\t<span class=\"elementor-button-content-wrapper\">\n\t\t\t\t\t\t<span class=\"elementor-button-text\">Contactez-nous<\/span>\n\t\t<\/span>\n\t\t\t\t\t<\/a>\n\t\t<\/div>\n\t\t\t\t<\/div>\n\t\t\t\t<\/div>\n\t\t\t\t<div class=\"elementor-element elementor-element-3ae26042 elementor-widget elementor-widget-spacer\" data-id=\"3ae26042\" data-element_type=\"widget\" data-widget_type=\"spacer.default\">\n\t\t\t\t<div class=\"elementor-widget-container\">\n\t\t\t\t\t<div class=\"elementor-spacer\">\n\t\t\t<div class=\"elementor-spacer-inner\"><\/div>\n\t\t<\/div>\n\t\t\t\t<\/div>\n\t\t\t\t<\/div>\n\t\t\t\t<div class=\"elementor-element elementor-element-767abb41 elementor-widget elementor-widget-text-editor\" data-id=\"767abb41\" data-element_type=\"widget\" data-widget_type=\"text-editor.default\">\n\t\t\t\t<div class=\"elementor-widget-container\">\n\t\t\t\t\t\t\t\t\t\t\t\t\t<\/div>\n\t\t\t\t<\/div>\n\t\t\t\t\t<\/div>\n\t\t<\/div>\n\t\t\t\t\t\t\t<\/div>\n\t\t<\/section>\n\t\t\t\t\t\t\t<\/div>\n\t\t","protected":false},"excerpt":{"rendered":"<p>Ma\u00eetre brice nzamba Arbitrage L&rsquo;arbitrage est un m\u00e9canisme juridique par lequel deux parties conviennent dans le cadre d&rsquo;une\u00a0convention d&rsquo;arbitrage de soumettre la r\u00e9solution de leur litige commercial \u00e0 un Tribunal constitu\u00e9\u00a0par des arbitres dont ils assureront le choix. Il s&rsquo;agit ici d&rsquo;une justice dont le m\u00e9canisme est maitris\u00e9\u00a0par les parties au litige et qui \u00e9chappe [&hellip;]<\/p>\n","protected":false},"author":1,"featured_media":0,"parent":0,"menu_order":0,"comment_status":"closed","ping_status":"closed","template":"","meta":{"footnotes":""},"class_list":["post-875","page","type-page","status-publish","hentry"],"_links":{"self":[{"href":"https:\/\/cabinet-brice-nzamba.com\/index.php\/wp-json\/wp\/v2\/pages\/875","targetHints":{"allow":["GET"]}}],"collection":[{"href":"https:\/\/cabinet-brice-nzamba.com\/index.php\/wp-json\/wp\/v2\/pages"}],"about":[{"href":"https:\/\/cabinet-brice-nzamba.com\/index.php\/wp-json\/wp\/v2\/types\/page"}],"author":[{"embeddable":true,"href":"https:\/\/cabinet-brice-nzamba.com\/index.php\/wp-json\/wp\/v2\/users\/1"}],"replies":[{"embeddable":true,"href":"https:\/\/cabinet-brice-nzamba.com\/index.php\/wp-json\/wp\/v2\/comments?post=875"}],"version-history":[{"count":11,"href":"https:\/\/cabinet-brice-nzamba.com\/index.php\/wp-json\/wp\/v2\/pages\/875\/revisions"}],"predecessor-version":[{"id":895,"href":"https:\/\/cabinet-brice-nzamba.com\/index.php\/wp-json\/wp\/v2\/pages\/875\/revisions\/895"}],"wp:attachment":[{"href":"https:\/\/cabinet-brice-nzamba.com\/index.php\/wp-json\/wp\/v2\/media?parent=875"}],"curies":[{"name":"wp","href":"https:\/\/api.w.org\/{rel}","templated":true}]}}